{"id":2209,"date":"2023-12-08T20:06:35","date_gmt":"2023-12-08T17:06:35","guid":{"rendered":"https:\/\/masterkurubuz.com\/become-our-dealer\/"},"modified":"2024-06-15T20:21:03","modified_gmt":"2024-06-15T17:21:03","slug":"become-our-dealer","status":"publish","type":"page","link":"https:\/\/masterkurubuz.com\/en\/become-our-dealer\/","title":{"rendered":"Become Our Dealer"},"content":{"rendered":"\n<div class=\"wp-block-essential-blocks-wrapper alignfull  root-eb-wrapper-n15z7zd\"><div class=\"eb-parent-wrapper eb-parent-eb-wrapper-n15z7zd \"><div class=\"eb-wrapper-outer eb-wrapper-n15z7zd\"><div class=\"eb-wrapper-inner\"><div class=\"eb-wrapper-inner-blocks eb-wrapper-align-center\">\n<div class=\"wp-block-essential-blocks-advanced-heading  root-eb-advance-heading-hmcxf2d\"><div class=\"eb-parent-wrapper eb-parent-eb-advance-heading-hmcxf2d eb_animation eb___animated eb___fadeInUp\"><div class=\"eb-advance-heading-wrapper eb-advance-heading-hmcxf2d button-1\" data-id=\"eb-advance-heading-hmcxf2d\"><h1 class=\"eb-ah-title\">Our Dry Ice <strong>Dealers<\/strong><\/h1><\/div><\/div><\/div>\n\n\n\n<div class=\"wp-block-essential-blocks-row alignfull  root-eb-row-owmlc0u\"><div class=\"eb-parent-wrapper eb-parent-eb-row-owmlc0u eb_animation eb___animated eb___fadeInUp\"><div class=\"eb-row-root-container eb-row-owmlc0u\" data-id=\"eb-row-owmlc0u\"><div class=\"eb-row-wrapper\"><div class=\"eb-row-inner\">\n<div class=\"wp-block-essential-blocks-column  root-eb-column-miwhena\"><div class=\"eb-parent-wrapper eb-parent-eb-column-miwhena \"><div class=\"eb-column-wrapper eb-column-miwhena\"><div class=\"eb-column-inner\">\n<div class=\"wp-block-essential-blocks-advanced-image ticket-image  root-eb-advanced-image-r0q0fsm\"><div class=\"eb-parent-wrapper eb-parent-eb-advanced-image-r0q0fsm \"><figure class=\"eb-advanced-image-wrapper eb-advanced-image-r0q0fsm img-style-rounded caption-style-1 caption-horizontal-center caption-vertical-bottom bottom no-effect\" data-id=\"eb-advanced-image-r0q0fsm\"><div class=\"image-wrapper\"><img decoding=\"async\" src=\"https:\/\/masterkurubuz.com\/wp-content\/uploads\/2024\/05\/REPLACE-THIS-SCREEN1111112-scaled.jpg\" alt=\"\"\/><\/div><\/figure><\/div><\/div>\n<\/div><\/div><\/div><\/div>\n\n\n\n<div class=\"wp-block-essential-blocks-column  root-eb-column-zlxz45d\"><div class=\"eb-parent-wrapper eb-parent-eb-column-zlxz45d \"><div class=\"eb-column-wrapper eb-column-zlxz45d\"><div class=\"eb-column-inner\">\n<div class=\"wp-block-essential-blocks-advanced-heading  root-eb-advance-heading-2yhryfi\"><div class=\"eb-parent-wrapper eb-parent-eb-advance-heading-2yhryfi \"><div class=\"eb-advance-heading-wrapper eb-advance-heading-2yhryfi button-1\" data-id=\"eb-advance-heading-2yhryfi\"><h1 class=\"eb-ah-title\"><strong>maIn dIstrIbutor<\/strong><br>+90 (542) 187 50 54<\/h1><h1 class=\"eb-ah-subtitle\">Master Kurubuz<br>Sakarya <\/h1><\/div><\/div><\/div>\n\n\n\n<div class=\"wp-block-essential-blocks-button fire-btn  root-eb-button-ngsev8z\"><div class=\"eb-parent-wrapper eb-parent-eb-button-ngsev8z \"><div class=\"eb-button-wrapper eb-button-alignment eb-button-ngsev8z\"><div class=\"eb-button\"><a class=\"eb-button-anchor\" href=\"https:\/\/www.google.com\/maps\/dir\/\/%C4%B0stiklal,+54000+Serdivan%2FSakarya\/@40.7670559,30.2778359,12z\/data=!4m8!4m7!1m0!1m5!1m1!1s0x14ccb390ea91375b:0x744eb1c30e881097!2m2!1d30.3602368!2d40.7670852?entry=ttu\" rel=\"noopener\" target=\"_blank\"><i icon=\"fas fa-map-marker-alt\" class=\"fas fa-map-marker-alt eb-button-icon eb-button-icon-left hvr-icon\"><\/i>Arifbey Mah. Alev Sok. No 12-A Arifiye\/Sakarya<\/a><\/div><\/div><\/div><\/div>\n<\/div><\/div><\/div><\/div>\n\n\n\n<div class=\"wp-block-essential-blocks-column  root-eb-column-s6g3lmz\"><div class=\"eb-parent-wrapper eb-parent-eb-column-s6g3lmz \"><div class=\"eb-column-wrapper eb-column-s6g3lmz\"><div class=\"eb-column-inner\">\n<div class=\"wp-block-essential-blocks-button rounded-btn  root-eb-button-y7invku\"><div class=\"eb-parent-wrapper eb-parent-eb-button-y7invku \"><div class=\"eb-button-wrapper eb-button-alignment eb-button-y7invku\"><div class=\"eb-button\"><a class=\"eb-button-anchor\" href=\"https:\/\/www.instagram.com\/masterkurubuz\/\" target=\"_blank\" rel=\"noopener\">Instagram<\/a><\/div><\/div><\/div><\/div>\n<\/div><\/div><\/div><\/div>\n<\/div><\/div><\/div><\/div><\/div>\n<\/div><\/div><\/div><\/div><\/div>\n\n\n\n<div class=\"wp-block-essential-blocks-wrapper alignfull  root-eb-wrapper-mg28ra3\"><div class=\"eb-parent-wrapper eb-parent-eb-wrapper-mg28ra3 \"><div class=\"eb-wrapper-outer eb-wrapper-mg28ra3\"><div class=\"eb-wrapper-inner\"><div class=\"eb-wrapper-inner-blocks eb-wrapper-align-center\">\n<div class=\"wp-block-essential-blocks-row alignfull  root-eb-row-dc0rh14\" id=\"contactform_section\"><div class=\"eb-parent-wrapper eb-parent-eb-row-dc0rh14 \"><div class=\"eb-row-root-container eb-row-dc0rh14\" data-id=\"eb-row-dc0rh14\"><div class=\"eb-row-wrapper\"><div class=\"eb-row-inner\">\n<div class=\"wp-block-essential-blocks-column  root-eb-column-79wuqmo\"><div class=\"eb-parent-wrapper eb-parent-eb-column-79wuqmo \"><div class=\"eb-column-wrapper eb-column-79wuqmo\"><div class=\"eb-column-inner\">\n<div class=\"wp-block-essential-blocks-wrapper  root-eb-wrapper-x0u58oy\"><div class=\"eb-parent-wrapper eb-parent-eb-wrapper-x0u58oy \"><div class=\"eb-wrapper-outer eb-wrapper-x0u58oy\"><div class=\"eb-wrapper-inner\"><div class=\"eb-wrapper-inner-blocks eb-wrapper-align-center\">\n<div class=\"wp-block-essential-blocks-advanced-image  root-eb-advanced-image-nc4omph\"><div class=\"eb-parent-wrapper eb-parent-eb-advanced-image-nc4omph \"><figure class=\"eb-advanced-image-wrapper eb-advanced-image-nc4omph img-style-rounded caption-style-1 caption-horizontal-center caption-vertical-bottom bottom no-effect\" data-id=\"eb-advanced-image-nc4omph\"><div class=\"image-wrapper\"><img decoding=\"async\" src=\"https:\/\/static.live.templately.com\/woocommerce\/2022\/06\/f6969f3b-image1@2x.png\" alt=\"\"\/><\/div><\/figure><\/div><\/div>\n\n\n\n<div class=\"wp-block-essential-blocks-row alignfull  root-eb-row-bnnc9cy\"><div class=\"eb-parent-wrapper eb-parent-eb-row-bnnc9cy \"><div class=\"eb-row-root-container eb-row-bnnc9cy\" data-id=\"eb-row-bnnc9cy\"><div class=\"eb-row-wrapper\"><div class=\"eb-row-inner\">\n<div class=\"wp-block-essential-blocks-column  root-eb-column-va5ewjn\"><div class=\"eb-parent-wrapper eb-parent-eb-column-va5ewjn \"><div class=\"eb-column-wrapper eb-column-va5ewjn\"><div class=\"eb-column-inner\">\n<div class=\"wp-block-essential-blocks-advanced-heading  root-eb-advance-heading-ythtyqa\"><div class=\"eb-parent-wrapper eb-parent-eb-advance-heading-ythtyqa \"><div class=\"eb-advance-heading-wrapper eb-advance-heading-ythtyqa button-1\" data-id=\"eb-advance-heading-ythtyqa\"><p class=\"eb-ah-title\"><strong>Follow Us<\/strong>:<\/p><\/div><\/div><\/div>\n<\/div><\/div><\/div><\/div>\n\n\n\n<div class=\"wp-block-essential-blocks-column  root-eb-column-90zzg6n\"><div class=\"eb-parent-wrapper eb-parent-eb-column-90zzg6n \"><div class=\"eb-column-wrapper eb-column-90zzg6n\"><div class=\"eb-column-inner\">\n<div class=\"wp-block-essential-blocks-social  root-eb-social-links-3zc8qia\"><div class=\"eb-parent-wrapper eb-parent-eb-social-links-3zc8qia \"><div class=\"eb-social-links-3zc8qia eb-social-links-wrapper\"><ul class=\"eb-socials\"><li><a class=\"instagram-original hvr-grow\" href=\"https:\/\/www.instagram.com\/masterkurubuz\/\" target=\"_blank\" rel=\"noopener\" aria-label=\"social link\"><i class=\"hvr-icon eb-social-icon fab fa-instagram\"><\/i><\/a><\/li><li><a class=\"youtube-original hvr-grow\" href=\"https:\/\/www.youtube.com\/channel\/UCMdSVaacXEdCb69BjI0DGgw?themeRefresh=1\" target=\"_blank\" rel=\"noopener\" aria-label=\"social link\"><i class=\"hvr-icon eb-social-icon fab fa-youtube\"><\/i><\/a><\/li><\/ul><\/div><\/div><\/div>\n<\/div><\/div><\/div><\/div>\n<\/div><\/div><\/div><\/div><\/div>\n<\/div><\/div><\/div><\/div><\/div>\n<\/div><\/div><\/div><\/div>\n\n\n\n<div class=\"wp-block-essential-blocks-column  root-eb-column-mpardh2\"><div class=\"eb-parent-wrapper eb-parent-eb-column-mpardh2 eb_animation eb___animated eb___slideInRight\"><div class=\"eb-column-wrapper eb-column-mpardh2\"><div class=\"eb-column-inner\">\n<div class=\"wp-block-essential-blocks-wrapper  root-eb-wrapper-lbdu5ag\"><div class=\"eb-parent-wrapper eb-parent-eb-wrapper-lbdu5ag \"><div class=\"eb-wrapper-outer eb-wrapper-lbdu5ag eb-wrapper-align-center\"><div class=\"eb-wrapper-inner\"><div class=\"eb-wrapper-inner-blocks\">\n<div class=\"wp-block-essential-blocks-advanced-heading  root-eb-advance-heading-sdt9wyi\"><div class=\"eb-parent-wrapper eb-parent-eb-advance-heading-sdt9wyi \"><div class=\"eb-advance-heading-wrapper eb-advance-heading-sdt9wyi button-1\" data-id=\"eb-advance-heading-sdt9wyi\"><h4 class=\"eb-ah-title\">Master Kurubuz<\/h4><h2 class=\"eb-ah-subtitle\">Become Our Dealer<\/h2><\/div><\/div><\/div>\n\n\n<div class=\"wpforms-container wpforms-render-modern\" id=\"wpforms-1587\"><form id=\"wpforms-form-1587\" class=\"wpforms-validate wpforms-form wpforms-ajax-form\" data-formid=\"1587\" method=\"post\" enctype=\"multipart\/form-data\" action=\"\/en\/wp-json\/wp\/v2\/pages\/2209\" data-token=\"5132121ecd4242d8c332d8a47ac11e82\" data-token-time=\"1777508478\"><noscript class=\"wpforms-error-noscript\">Please enable JavaScript in your browser to complete this form.<\/noscript><div class=\"wpforms-hidden\" id=\"wpforms-error-noscript\">Please enable JavaScript in your browser to complete this form.<\/div><div class=\"wpforms-field-container\"><div id=\"wpforms-1587-field_0-container\" class=\"wpforms-field wpforms-field-name\" data-field-id=\"0\"><fieldset><legend class=\"wpforms-field-label\">Ad\u0131 Soyad\u0131 <span class=\"wpforms-required-label\" aria-hidden=\"true\">*<\/span><\/legend><div class=\"wpforms-field-row wpforms-field-large\"><div class=\"wpforms-field-row-block wpforms-first wpforms-one-half\"><input type=\"text\" id=\"wpforms-1587-field_0\" class=\"wpforms-field-name-first wpforms-field-required\" name=\"wpforms[fields][0][first]\" aria-errormessage=\"wpforms-1587-field_0-error\" required><label for=\"wpforms-1587-field_0\" class=\"wpforms-field-sublabel after wpforms-sublabel-hide\">First<\/label><\/div><div class=\"wpforms-field-row-block wpforms-one-half\"><input type=\"text\" id=\"wpforms-1587-field_0-last\" class=\"wpforms-field-name-last wpforms-field-required\" name=\"wpforms[fields][0][last]\" aria-errormessage=\"wpforms-1587-field_0-last-error\" required><label for=\"wpforms-1587-field_0-last\" class=\"wpforms-field-sublabel after wpforms-sublabel-hide\">Last<\/label><\/div><\/div><\/fieldset><\/div><div id=\"wpforms-1587-field_1-container\" class=\"wpforms-field wpforms-field-email\" data-field-id=\"1\"><label class=\"wpforms-field-label\" for=\"wpforms-1587-field_1\">E-posta <span class=\"wpforms-required-label\" aria-hidden=\"true\">*<\/span><\/label><input type=\"email\" id=\"wpforms-1587-field_1\" class=\"wpforms-field-large wpforms-field-required\" name=\"wpforms[fields][1]\" spellcheck=\"false\" aria-errormessage=\"wpforms-1587-field_1-error\" required><\/div><div id=\"wpforms-1587-field_3-container\" class=\"wpforms-field wpforms-field-select wpforms-field-select-style-modern\" data-field-id=\"3\"><label class=\"wpforms-field-label\" for=\"wpforms-1587-field_3\">\u015eehir <span class=\"wpforms-required-label\" aria-hidden=\"true\">*<\/span><\/label><select id=\"wpforms-1587-field_3\" class=\"wpforms-field-large wpforms-field-required choicesjs-select\" data-size-class=\"wpforms-field-row wpforms-field-large\" data-search-enabled=\"1\" name=\"wpforms[fields][3]\" required=\"required\"><option value=\"\" class=\"placeholder\" disabled  selected='selected'>\u015eehir Se\u00e7<\/option><option value=\"\u015eehir Se\u00e7\" >\u015eehir Se\u00e7<\/option><option value=\"Adana\" >Adana<\/option><option value=\"Ad\u0131yaman\" >Ad\u0131yaman<\/option><option value=\"Afyonkarahisar\" >Afyonkarahisar<\/option><option value=\"A\u011fr\u0131\" >A\u011fr\u0131<\/option><option value=\"Aksaray\" >Aksaray<\/option><option value=\"Amasya\" >Amasya<\/option><option value=\"Ankara\" >Ankara<\/option><option value=\"Antalya\" >Antalya<\/option><option value=\"Ardahan\" >Ardahan<\/option><option value=\"Artvin\" >Artvin<\/option><option value=\"Ayd\u0131n\" >Ayd\u0131n<\/option><option value=\"Bal\u0131kesir\" >Bal\u0131kesir<\/option><option value=\"Bart\u0131n\" >Bart\u0131n<\/option><option value=\"Batman\" >Batman<\/option><option value=\"Bayburt\" >Bayburt<\/option><option value=\"Bilecik\" >Bilecik<\/option><option value=\"Bing\u00f6l\" >Bing\u00f6l<\/option><option value=\"Bitlis\" >Bitlis<\/option><option value=\"Bolu\" >Bolu<\/option><option value=\"Burdur\" >Burdur<\/option><option value=\"Bursa\" >Bursa<\/option><option value=\"\u00c7anakkale\" >\u00c7anakkale<\/option><option value=\"\u00c7ank\u0131r\u0131\" >\u00c7ank\u0131r\u0131<\/option><option value=\"\u00c7orum\" >\u00c7orum<\/option><option value=\"Denizli\" >Denizli<\/option><option value=\"Diyarbak\u0131r\" >Diyarbak\u0131r<\/option><option value=\"D\u00fczce\" >D\u00fczce<\/option><option value=\"Edirne\" >Edirne<\/option><option value=\"Elaz\u0131\u011f\" >Elaz\u0131\u011f<\/option><option value=\"Erzincan\" >Erzincan<\/option><option value=\"Erzurum\" >Erzurum<\/option><option value=\"Eski\u015fehir\" >Eski\u015fehir<\/option><option value=\"Gaziantep\" >Gaziantep<\/option><option value=\"Giresun\" >Giresun<\/option><option value=\"G\u00fcm\u00fc\u015fhane\" >G\u00fcm\u00fc\u015fhane<\/option><option value=\"Hakk\u00e2ri\" >Hakk\u00e2ri<\/option><option value=\"Hatay\" >Hatay<\/option><option value=\"I\u011fd\u0131r\" >I\u011fd\u0131r<\/option><option value=\"Isparta\" >Isparta<\/option><option value=\"\u0130stanbul\" >\u0130stanbul<\/option><option value=\"\u0130zmir\" >\u0130zmir<\/option><option value=\"Kahramanmara\u015f\" >Kahramanmara\u015f<\/option><option value=\"Karab\u00fck\" >Karab\u00fck<\/option><option value=\"Karaman\" >Karaman<\/option><option value=\"Kars\" >Kars<\/option><option value=\"Kastamonu\" >Kastamonu<\/option><option value=\"Kayseri\" >Kayseri<\/option><option value=\"Kilis\" >Kilis<\/option><option value=\"K\u0131r\u0131kkale\" >K\u0131r\u0131kkale<\/option><option value=\"K\u0131rklareli\" >K\u0131rklareli<\/option><option value=\"K\u0131r\u015fehir\" >K\u0131r\u015fehir<\/option><option value=\"Kocaeli\" >Kocaeli<\/option><option value=\"Konya\" >Konya<\/option><option value=\"K\u00fctahya\" >K\u00fctahya<\/option><option value=\"Malatya\" >Malatya<\/option><option value=\"Manisa\" >Manisa<\/option><option value=\"Mardin\" >Mardin<\/option><option value=\"Mersin\" >Mersin<\/option><option value=\"Mu\u011fla\" >Mu\u011fla<\/option><option value=\"Mu\u015f\" >Mu\u015f<\/option><option value=\"Nev\u015fehir\" >Nev\u015fehir<\/option><option value=\"Ni\u011fde\" >Ni\u011fde<\/option><option value=\"Ordu\" >Ordu<\/option><option value=\"Osmaniye\" >Osmaniye<\/option><option value=\"Rize\" >Rize<\/option><option value=\"Sakarya\" >Sakarya<\/option><option value=\"Samsun\" >Samsun<\/option><option value=\"\u015eanl\u0131urfa\" >\u015eanl\u0131urfa<\/option><option value=\"Siirt\" >Siirt<\/option><option value=\"Sinop\" >Sinop<\/option><option value=\"Sivas\" >Sivas<\/option><option value=\"\u015e\u0131rnak\" >\u015e\u0131rnak<\/option><option value=\"Tekirda\u011f\" >Tekirda\u011f<\/option><option value=\"Tokat\" >Tokat<\/option><option value=\"Trabzon\" >Trabzon<\/option><option value=\"Tunceli\" >Tunceli<\/option><option value=\"U\u015fak\" >U\u015fak<\/option><option value=\"Van\" >Van<\/option><option value=\"Yalova\" >Yalova<\/option><option value=\"Yozgat\" >Yozgat<\/option><option value=\"Zonguldak\" >Zonguldak<\/option><\/select><\/div><div id=\"wpforms-1587-field_9-container\" class=\"wpforms-field wpforms-field-text\" data-field-id=\"9\"><label class=\"wpforms-field-label\" for=\"wpforms-1587-field_9\">Telefon Numaras\u0131 <span class=\"wpforms-required-label\" aria-hidden=\"true\">*<\/span><\/label><input type=\"text\" id=\"wpforms-1587-field_9\" class=\"wpforms-field-large wpforms-field-required wpforms-limit-characters-enabled\" data-form-id=\"1587\" data-field-id=\"9\" data-text-limit=\"13\" name=\"wpforms[fields][9]\" value=\"+90\" aria-errormessage=\"wpforms-1587-field_9-error\" maxlength=\"13\" required><\/div><div id=\"wpforms-1587-field_8-container\" class=\"wpforms-field wpforms-field-textarea\" data-field-id=\"8\"><label class=\"wpforms-field-label\" for=\"wpforms-1587-field_8\">Eklemek istedikleriniz<\/label><textarea id=\"wpforms-1587-field_8\" class=\"wpforms-field-small wpforms-limit-characters-enabled\" data-form-id=\"1587\" data-field-id=\"8\" data-text-limit=\"3000\" name=\"wpforms[fields][8]\" aria-errormessage=\"wpforms-1587-field_8-error\" maxlength=\"3000\" ><\/textarea><\/div><\/div><!-- .wpforms-field-container --><div class=\"wpforms-submit-container\" ><input type=\"hidden\" name=\"wpforms[id]\" value=\"1587\"><input type=\"hidden\" name=\"page_title\" value=\"\"><input type=\"hidden\" name=\"page_url\" value=\"https:\/\/masterkurubuz.com\/en\/wp-json\/wp\/v2\/pages\/2209\"><button type=\"submit\" name=\"wpforms[submit]\" id=\"wpforms-submit-1587\" class=\"wpforms-submit\" data-alt-text=\"G\u00f6nderiliyor...\" data-submit-text=\"G\u00f6nder\" aria-live=\"assertive\" value=\"wpforms-submit\">G\u00f6nder<\/button><img src=\"https:\/\/masterkurubuz.com\/wp-content\/plugins\/wpforms-lite\/assets\/images\/submit-spin.svg\" class=\"wpforms-submit-spinner\" style=\"display: none;\" width=\"26\" height=\"26\" alt=\"Loading\"><\/div><\/form><\/div>  <!-- .wpforms-container -->\n<\/div><\/div><\/div><\/div><\/div>\n<\/div><\/div><\/div><\/div>\n<\/div><\/div><\/div><\/div><\/div>\n<\/div><\/div><\/div><\/div><\/div>\n","protected":false},"excerpt":{"rendered":"","protected":false},"author":1,"featured_media":0,"parent":0,"menu_order":0,"comment_status":"closed","ping_status":"closed","template":"","meta":{"_eb_attr":"","_gspb_post_css":""},"blocksy_meta":{"has_hero_section":"disabled","styles_descriptor":{"styles":{"desktop":"","tablet":"","mobile":""},"google_fonts":[],"version":6}},"_links":{"self":[{"href":"https:\/\/masterkurubuz.com\/en\/wp-json\/wp\/v2\/pages\/2209"}],"collection":[{"href":"https:\/\/masterkurubuz.com\/en\/wp-json\/wp\/v2\/pages"}],"about":[{"href":"https:\/\/masterkurubuz.com\/en\/wp-json\/wp\/v2\/types\/page"}],"author":[{"embeddable":true,"href":"https:\/\/masterkurubuz.com\/en\/wp-json\/wp\/v2\/users\/1"}],"replies":[{"embeddable":true,"href":"https:\/\/masterkurubuz.com\/en\/wp-json\/wp\/v2\/comments?post=2209"}],"version-history":[{"count":4,"href":"https:\/\/masterkurubuz.com\/en\/wp-json\/wp\/v2\/pages\/2209\/revisions"}],"predecessor-version":[{"id":2214,"href":"https:\/\/masterkurubuz.com\/en\/wp-json\/wp\/v2\/pages\/2209\/revisions\/2214"}],"wp:attachment":[{"href":"https:\/\/masterkurubuz.com\/en\/wp-json\/wp\/v2\/media?parent=2209"}],"curies":[{"name":"wp","href":"https:\/\/api.w.org\/{rel}","templated":true}]}}